{"id":12311,"date":"2026-05-11T15:30:33","date_gmt":"2026-05-11T15:30:33","guid":{"rendered":"https:\/\/www.womenonb.com\/?page_id=12311"},"modified":"2026-05-11T16:34:59","modified_gmt":"2026-05-11T16:34:59","slug":"formulario-wob-global","status":"publish","type":"page","link":"https:\/\/www.womenonb.com\/en\/formulario-wob-global\/","title":{"rendered":"Formulario WOB Global"},"content":{"rendered":"<div data-elementor-type=\"wp-page\" data-elementor-id=\"12311\" class=\"elementor elementor-12311\" data-elementor-post-type=\"page\">\n\t\t\t\t<div class=\"elementor-element elementor-element-8f86eb5 e-flex e-con-boxed e-con e-parent\" data-id=\"8f86eb5\" data-element_type=\"container\" data-e-type=\"container\">\n\t\t\t\t\t<div class=\"e-con-inner\">\n\t\t<div class=\"elementor-element elementor-element-8de277c e-con-full e-flex e-con e-child\" data-id=\"8de277c\" data-element_type=\"container\" data-e-type=\"container\" data-settings=\"{&quot;background_background&quot;:&quot;slideshow&quot;,&quot;background_slideshow_gallery&quot;:[{&quot;id&quot;:11765,&quot;url&quot;:&quot;http:\\\/\\\/www.womenonb.com\\\/wp-content\\\/uploads\\\/2026\\\/05\\\/WOB-Global.png&quot;}],&quot;background_slideshow_loop&quot;:&quot;yes&quot;,&quot;background_slideshow_slide_duration&quot;:5000,&quot;background_slideshow_slide_transition&quot;:&quot;fade&quot;,&quot;background_slideshow_transition_duration&quot;:500}\">\n\t\t\t\t<\/div>\n\t\t\t\t\t<\/div>\n\t\t\t\t<\/div>\n\t\t<div class=\"elementor-element elementor-element-2a561cf e-flex e-con-boxed e-con e-parent\" data-id=\"2a561cf\" data-element_type=\"container\" data-e-type=\"container\">\n\t\t\t\t\t<div class=\"e-con-inner\">\n\t\t<div class=\"elementor-element elementor-element-605a1a2 e-con-full e-flex e-con e-child\" data-id=\"605a1a2\" data-element_type=\"container\" data-e-type=\"container\">\n\t\t\t\t<div class=\"elementor-element elementor-element-a755633 elementor-widget elementor-widget-heading\" data-id=\"a755633\" data-element_type=\"widget\" data-e-type=\"widget\" data-widget_type=\"heading.default\">\n\t\t\t\t<div class=\"elementor-widget-container\">\n\t\t\t\t\t<h2 class=\"elementor-heading-title elementor-size-default\"><span style=\"color:black\"> Solicitar el dossier <\/span>de WOB Global<\/h2>\t\t\t\t<\/div>\n\t\t\t\t<\/div>\n\t\t\t\t<div class=\"elementor-element elementor-element-45be410 elementor-widget-laptop__width-initial elementor-widget elementor-widget-text-editor\" data-id=\"45be410\" data-element_type=\"widget\" data-e-type=\"widget\" data-widget_type=\"text-editor.default\">\n\t\t\t\t<div class=\"elementor-widget-container\">\n\t\t\t\t\t\t\t\t\t<p class=\"p1\">Cu\u00e9ntanos qui\u00e9n eres, desde d\u00f3nde quieres activar WOB y por qu\u00e9 crees que tu ciudad o pa\u00eds est\u00e1 preparado para este modelo.<\/p>\t\t\t\t\t\t\t\t<\/div>\n\t\t\t\t<\/div>\n\t\t<div class=\"elementor-element elementor-element-36988c6 e-con-full e-flex e-con e-child\" data-id=\"36988c6\" data-element_type=\"container\" data-e-type=\"container\">\n\t\t\t\t<div class=\"elementor-element elementor-element-4676266 elementor-button-align-stretch elementor-widget elementor-widget-form\" data-id=\"4676266\" data-element_type=\"widget\" data-e-type=\"widget\" data-settings=\"{&quot;step_next_label&quot;:&quot;Next&quot;,&quot;step_previous_label&quot;:&quot;Previous&quot;,&quot;button_width&quot;:&quot;100&quot;,&quot;step_type&quot;:&quot;number_text&quot;,&quot;step_icon_shape&quot;:&quot;circle&quot;}\" data-widget_type=\"form.default\">\n\t\t\t\t<div class=\"elementor-widget-container\">\n\t\t\t\t\t\t\t<form class=\"elementor-form\" method=\"post\" name=\"WOB Global\" aria-label=\"WOB Global\" action=\"\">\n\t\t\t<input type=\"hidden\" name=\"post_id\" value=\"12311\"\/>\n\t\t\t<input type=\"hidden\" name=\"form_id\" value=\"4676266\"\/>\n\t\t\t<input type=\"hidden\" name=\"referer_title\" value=\"Formulario WOB Global &bull; Women On Board\" \/>\n\n\t\t\t\t\t\t\t<input type=\"hidden\" name=\"queried_id\" value=\"12311\"\/>\n\t\t\t\n\t\t\t<div class=\"elementor-form-fields-wrapper elementor-labels-above\">\n\t\t\t\t\t\t\t\t<div class=\"elementor-field-type-text elementor-field-group elementor-column elementor-field-group-name elementor-col-100 elementor-field-required\">\n\t\t\t\t\t\t\t\t\t\t\t\t<label for=\"form-field-name\" class=\"elementor-field-label\">\n\t\t\t\t\t\t\t\tNombre y Apellidos\t\t\t\t\t\t\t<\/label>\n\t\t\t\t\t\t\t\t\t\t\t\t\t\t<input size=\"1\" type=\"text\" name=\"form_fields[name]\" id=\"form-field-name\" class=\"elementor-field elementor-size-sm  elementor-field-textual\" required=\"required\">\n\t\t\t\t\t\t\t\t\t\t\t<\/div>\n\t\t\t\t\t\t\t\t<div class=\"elementor-field-type-email elementor-field-group elementor-column elementor-field-group-email elementor-col-100 elementor-field-required\">\n\t\t\t\t\t\t\t\t\t\t\t\t<label for=\"form-field-email\" class=\"elementor-field-label\">\n\t\t\t\t\t\t\t\tEmail\t\t\t\t\t\t\t<\/label>\n\t\t\t\t\t\t\t\t\t\t\t\t\t\t<input size=\"1\" type=\"email\" name=\"form_fields[email]\" id=\"form-field-email\" class=\"elementor-field elementor-size-sm  elementor-field-textual\" required=\"required\">\n\t\t\t\t\t\t\t\t\t\t\t<\/div>\n\t\t\t\t\t\t\t\t<div class=\"elementor-field-type-tel elementor-field-group elementor-column elementor-field-group-field_891f292 elementor-col-100 elementor-field-required\">\n\t\t\t\t\t\t\t\t\t\t\t\t<label for=\"form-field-field_891f292\" class=\"elementor-field-label\">\n\t\t\t\t\t\t\t\tPhone \/ WhatsApp\t\t\t\t\t\t\t<\/label>\n\t\t\t\t\t\t\t\t<input size=\"1\" type=\"tel\" name=\"form_fields[field_891f292]\" id=\"form-field-field_891f292\" class=\"elementor-field elementor-size-sm  elementor-field-textual\" required=\"required\" pattern=\"[0-9()#&amp;+*-=.]+\" title=\"Solo se aceptan n\u00fameros y caracteres de tel\u00e9fono (#,-,*,etc).\">\n\n\t\t\t\t\t\t<\/div>\n\t\t\t\t\t\t\t\t<div class=\"elementor-field-type-text elementor-field-group elementor-column elementor-field-group-field_2cfe809 elementor-col-100\">\n\t\t\t\t\t\t\t\t\t\t\t\t<label for=\"form-field-field_2cfe809\" class=\"elementor-field-label\">\n\t\t\t\t\t\t\t\tLinkedIn\t\t\t\t\t\t\t<\/label>\n\t\t\t\t\t\t\t\t\t\t\t\t\t\t<input size=\"1\" type=\"text\" name=\"form_fields[field_2cfe809]\" id=\"form-field-field_2cfe809\" class=\"elementor-field elementor-size-sm  elementor-field-textual\">\n\t\t\t\t\t\t\t\t\t\t\t<\/div>\n\t\t\t\t\t\t\t\t<div class=\"elementor-field-type-text elementor-field-group elementor-column elementor-field-group-field_52921d7 elementor-col-100 elementor-field-required\">\n\t\t\t\t\t\t\t\t\t\t\t\t<label for=\"form-field-field_52921d7\" class=\"elementor-field-label\">\n\t\t\t\t\t\t\t\tCiudad y pa\u00eds desde donde quieres activar WOB\t\t\t\t\t\t\t<\/label>\n\t\t\t\t\t\t\t\t\t\t\t\t\t\t<input size=\"1\" type=\"text\" name=\"form_fields[field_52921d7]\" id=\"form-field-field_52921d7\" class=\"elementor-field elementor-size-sm  elementor-field-textual\" required=\"required\">\n\t\t\t\t\t\t\t\t\t\t\t<\/div>\n\t\t\t\t\t\t\t\t<div class=\"elementor-field-type-text elementor-field-group elementor-column elementor-field-group-field_e13acce elementor-col-100 elementor-field-required\">\n\t\t\t\t\t\t\t\t\t\t\t\t<label for=\"form-field-field_e13acce\" class=\"elementor-field-label\">\n\t\t\t\t\t\t\t\tPerfil profesional\t\t\t\t\t\t\t<\/label>\n\t\t\t\t\t\t\t\t\t\t\t\t\t\t<input size=\"1\" type=\"text\" name=\"form_fields[field_e13acce]\" id=\"form-field-field_e13acce\" class=\"elementor-field elementor-size-sm  elementor-field-textual\" placeholder=\"Cargo actual, empresa, sector o trayectoria principal\" required=\"required\">\n\t\t\t\t\t\t\t\t\t\t\t<\/div>\n\t\t\t\t\t\t\t\t<div class=\"elementor-field-type-textarea elementor-field-group elementor-column elementor-field-group-field_95fabc1 elementor-col-100 elementor-field-required\">\n\t\t\t\t\t\t\t\t\t\t\t\t<label for=\"form-field-field_95fabc1\" class=\"elementor-field-label\">\n\t\t\t\t\t\t\t\t\u00bfCu\u00e1l es tu relaci\u00f3n con el ecosistema empresarial o institucional local?\t\t\t\t\t\t\t<\/label>\n\t\t\t\t\t\t<textarea class=\"elementor-field-textual elementor-field  elementor-size-sm\" name=\"form_fields[field_95fabc1]\" id=\"form-field-field_95fabc1\" rows=\"4\" placeholder=\"Cu\u00e9ntanos brevemente si tienes relaci\u00f3n con empresas, directivas, instituciones, asociaciones, c\u00e1maras, fundaciones u otros actores relevantes.\" required=\"required\"><\/textarea>\t\t\t\t<\/div>\n\t\t\t\t\t\t\t\t<div class=\"elementor-field-type-textarea elementor-field-group elementor-column elementor-field-group-field_727e18c elementor-col-100 elementor-field-required\">\n\t\t\t\t\t\t\t\t\t\t\t\t<label for=\"form-field-field_727e18c\" class=\"elementor-field-label\">\n\t\t\t\t\t\t\t\t\u00bfPor qu\u00e9 crees que WOB deber\u00eda estar en tu ciudad o pa\u00eds?\t\t\t\t\t\t\t<\/label>\n\t\t\t\t\t\t<textarea class=\"elementor-field-textual elementor-field  elementor-size-sm\" name=\"form_fields[field_727e18c]\" id=\"form-field-field_727e18c\" rows=\"4\" placeholder=\"H\u00e1blanos de la oportunidad que ves, la necesidad que detectas y el tipo de mujeres o instituciones que podr\u00edan formar parte.\" required=\"required\"><\/textarea>\t\t\t\t<\/div>\n\t\t\t\t\t\t\t\t<div class=\"elementor-field-type-select elementor-field-group elementor-column elementor-field-group-field_1678fca elementor-col-100 elementor-field-required\">\n\t\t\t\t\t\t\t\t\t\t\t\t<label for=\"form-field-field_1678fca\" class=\"elementor-field-label\">\n\t\t\t\t\t\t\t\t\u00bfTienes una red local de mujeres l\u00edderes, empresas o instituciones?\t\t\t\t\t\t\t<\/label>\n\t\t\t\t\t\t\t\t<div class=\"elementor-field elementor-select-wrapper remove-before\">\n\t\t\t<div class=\"select-caret-down-wrapper\">\n\t\t\t\t<i aria-hidden=\"true\" class=\"eicon-caret-down\"><\/i>\t\t\t<\/div>\n\t\t\t<select name=\"form_fields[field_1678fca]\" id=\"form-field-field_1678fca\" class=\"elementor-field-textual elementor-size-sm\" required=\"required\">\n\t\t\t\t\t\t\t\t\t<option value=\"S\u00ed, principalmente mujeres l\u00edderes\/directivas.\">S\u00ed, principalmente mujeres l\u00edderes\/directivas.<\/option>\n\t\t\t\t\t\t\t\t\t<option value=\"S\u00ed, principalmente empresas.\">S\u00ed, principalmente empresas.<\/option>\n\t\t\t\t\t\t\t\t\t<option value=\"S\u00ed, principalmente instituciones o asociaciones.\">S\u00ed, principalmente instituciones o asociaciones.<\/option>\n\t\t\t\t\t\t\t\t\t<option value=\"S\u00ed, una red mixta.\">S\u00ed, una red mixta.<\/option>\n\t\t\t\t\t\t\t\t\t<option value=\"Estoy empezando a construirla.\">Estoy empezando a construirla.<\/option>\n\t\t\t\t\t\t\t\t\t<option value=\"No todav\u00eda, pero conozco el mercado.\">No todav\u00eda, pero conozco el mercado.<\/option>\n\t\t\t\t\t\t\t<\/select>\n\t\t<\/div>\n\t\t\t\t\t\t<\/div>\n\t\t\t\t\t\t\t\t<div class=\"elementor-field-type-select elementor-field-group elementor-column elementor-field-group-field_38b9c82 elementor-col-100 elementor-field-required\">\n\t\t\t\t\t\t\t\t\t\t\t\t<label for=\"form-field-field_38b9c82\" class=\"elementor-field-label\">\n\t\t\t\t\t\t\t\t\u00bfQu\u00e9 rol te gustar\u00eda tener en la apertura de WOB?\t\t\t\t\t\t\t<\/label>\n\t\t\t\t\t\t\t\t<div class=\"elementor-field elementor-select-wrapper remove-before\">\n\t\t\t<div class=\"select-caret-down-wrapper\">\n\t\t\t\t<i aria-hidden=\"true\" class=\"eicon-caret-down\"><\/i>\t\t\t<\/div>\n\t\t\t<select name=\"form_fields[field_38b9c82]\" id=\"form-field-field_38b9c82\" class=\"elementor-field-textual elementor-size-sm\" required=\"required\">\n\t\t\t\t\t\t\t\t\t<option value=\"Liderar el cap\u00edtulo WOB en mi ciudad o pa\u00eds.\">Liderar el cap\u00edtulo WOB en mi ciudad o pa\u00eds.<\/option>\n\t\t\t\t\t\t\t\t\t<option value=\"Explorar una posible alianza local.\">Explorar una posible alianza local.<\/option>\n\t\t\t\t\t\t\t\t\t<option value=\"Presentar a una persona o instituci\u00f3n relevante.\">Presentar a una persona o instituci\u00f3n relevante.<\/option>\n\t\t\t\t\t\t\t\t\t<option value=\"Recibir informaci\u00f3n antes de definir mi rol.\">Recibir informaci\u00f3n antes de definir mi rol.<\/option>\n\t\t\t\t\t\t\t<\/select>\n\t\t<\/div>\n\t\t\t\t\t\t<\/div>\n\t\t\t\t\t\t\t\t<div class=\"elementor-field-type-textarea elementor-field-group elementor-column elementor-field-group-message elementor-col-100\">\n\t\t\t\t\t\t\t\t\t\t\t\t<label for=\"form-field-message\" class=\"elementor-field-label\">\n\t\t\t\t\t\t\t\tMensaje adicional\t\t\t\t\t\t\t<\/label>\n\t\t\t\t\t\t<textarea class=\"elementor-field-textual elementor-field  elementor-size-sm\" name=\"form_fields[message]\" id=\"form-field-message\" rows=\"4\"><\/textarea>\t\t\t\t<\/div>\n\t\t\t\t\t\t\t\t<div class=\"elementor-field-type-acceptance elementor-field-group elementor-column elementor-field-group-field_af04773 elementor-col-100 elementor-field-required\">\n\t\t\t\t\t\t\t\t\t\t\t\t<label for=\"form-field-field_af04773\" class=\"elementor-field-label\">\n\t\t\t\t\t\t\t\tI accept the privacy policy and authorize Women On Board to process my data in order to manage my request and contact me.\t\t\t\t\t\t\t<\/label>\n\t\t\t\t\t\t\t\t<div class=\"elementor-field-subgroup\">\n\t\t\t<span class=\"elementor-field-option\">\n\t\t\t\t<input type=\"checkbox\" name=\"form_fields[field_af04773]\" id=\"form-field-field_af04773\" class=\"elementor-field elementor-size-sm  elementor-acceptance-field\" required=\"required\">\n\t\t\t\t\t\t\t<\/span>\n\t\t<\/div>\n\t\t\t\t\t\t<\/div>\n\t\t\t\t\t\t\t\t<div class=\"elementor-field-type-acceptance elementor-field-group elementor-column elementor-field-group-field_503fc40 elementor-col-100\">\n\t\t\t\t\t\t\t\t\t\t\t\t<label for=\"form-field-field_503fc40\" class=\"elementor-field-label\">\n\t\t\t\t\t\t\t\tQuiero recibir comunicaciones de Women On Board sobre actividades, programas y novedades.\t\t\t\t\t\t\t<\/label>\n\t\t\t\t\t\t\t\t<div class=\"elementor-field-subgroup\">\n\t\t\t<span class=\"elementor-field-option\">\n\t\t\t\t<input type=\"checkbox\" name=\"form_fields[field_503fc40]\" id=\"form-field-field_503fc40\" class=\"elementor-field elementor-size-sm  elementor-acceptance-field\">\n\t\t\t\t\t\t\t<\/span>\n\t\t<\/div>\n\t\t\t\t\t\t<\/div>\n\t\t\t\t\t\t\t\t<div class=\"elementor-field-group elementor-column elementor-field-type-submit elementor-col-100 e-form__buttons\">\n\t\t\t\t\t<button class=\"elementor-button elementor-size-sm\" type=\"submit\">\n\t\t\t\t\t\t<span class=\"elementor-button-content-wrapper\">\n\t\t\t\t\t\t\t\t\t\t\t\t\t\t\t\t\t\t\t\t\t\t<span class=\"elementor-button-text\">Send<\/span>\n\t\t\t\t\t\t\t\t\t\t\t\t\t<\/span>\n\t\t\t\t\t<\/button>\n\t\t\t\t<\/div>\n\t\t\t<\/div>\n\t\t<input type=\"hidden\" name=\"trp-form-language\" value=\"en\"\/><\/form>\n\t\t\t\t\t\t<\/div>\n\t\t\t\t<\/div>\n\t\t\t\t<\/div>\n\t\t\t\t<\/div>\n\t\t\t\t\t<\/div>\n\t\t\t\t<\/div>\n\t\t\t\t<\/div>","protected":false},"excerpt":{"rendered":"<p>Solicitar el dossier de WOB Global Cu\u00e9ntanos qui\u00e9n eres, desde d\u00f3nde quieres activar WOB y por qu\u00e9 crees que tu ciudad o pa\u00eds est\u00e1 preparado para este modelo.<\/p>","protected":false},"author":1,"featured_media":0,"parent":0,"menu_order":0,"comment_status":"closed","ping_status":"closed","template":"elementor_header_footer","meta":{"inline_featured_image":false,"footnotes":""},"class_list":["post-12311","page","type-page","status-publish","hentry"],"_links":{"self":[{"href":"https:\/\/www.womenonb.com\/en\/wp-json\/wp\/v2\/pages\/12311"}],"collection":[{"href":"https:\/\/www.womenonb.com\/en\/wp-json\/wp\/v2\/pages"}],"about":[{"href":"https:\/\/www.womenonb.com\/en\/wp-json\/wp\/v2\/types\/page"}],"author":[{"embeddable":true,"href":"https:\/\/www.womenonb.com\/en\/wp-json\/wp\/v2\/users\/1"}],"replies":[{"embeddable":true,"href":"https:\/\/www.womenonb.com\/en\/wp-json\/wp\/v2\/comments?post=12311"}],"version-history":[{"count":16,"href":"https:\/\/www.womenonb.com\/en\/wp-json\/wp\/v2\/pages\/12311\/revisions"}],"predecessor-version":[{"id":12397,"href":"https:\/\/www.womenonb.com\/en\/wp-json\/wp\/v2\/pages\/12311\/revisions\/12397"}],"wp:attachment":[{"href":"https:\/\/www.womenonb.com\/en\/wp-json\/wp\/v2\/media?parent=12311"}],"curies":[{"name":"wp","href":"https:\/\/api.w.org\/{rel}","templated":true}]}}