{"id":2915,"date":"2024-06-11T17:00:26","date_gmt":"2024-06-11T17:00:26","guid":{"rendered":"https:\/\/www.womenonb.com\/?page_id=2915"},"modified":"2025-08-26T13:57:00","modified_gmt":"2025-08-26T13:57:00","slug":"ser-parte-de-wob-2","status":"publish","type":"page","link":"https:\/\/www.womenonb.com\/en\/ser-parte-de-wob-2\/","title":{"rendered":"Be part of WOB"},"content":{"rendered":"<div data-elementor-type=\"wp-page\" data-elementor-id=\"2915\" class=\"elementor elementor-2915\" data-elementor-post-type=\"page\">\n\t\t\t\t<div class=\"elementor-element elementor-element-bc971a5 e-flex e-con-boxed e-con e-parent\" data-id=\"bc971a5\" data-element_type=\"container\" data-e-type=\"container\" data-settings=\"{&quot;background_background&quot;:&quot;classic&quot;}\">\n\t\t\t\t\t<div class=\"e-con-inner\">\n\t\t<div class=\"elementor-element elementor-element-ad9888e e-con-full e-flex e-con e-child\" data-id=\"ad9888e\" data-element_type=\"container\" data-e-type=\"container\" data-settings=\"{&quot;background_background&quot;:&quot;classic&quot;}\">\n\t\t\t\t<div class=\"elementor-element elementor-element-87914f5 elementor-widget elementor-widget-heading\" data-id=\"87914f5\" data-element_type=\"widget\" data-e-type=\"widget\" data-widget_type=\"heading.default\">\n\t\t\t\t<div class=\"elementor-widget-container\">\n\t\t\t\t\t<h2 class=\"elementor-heading-title elementor-size-default\">Be part of WOB<\/h2>\t\t\t\t<\/div>\n\t\t\t\t<\/div>\n\t\t\t\t<\/div>\n\t\t\t\t\t<\/div>\n\t\t\t\t<\/div>\n\t\t<div class=\"elementor-element elementor-element-670bc2c e-flex e-con-boxed e-con e-parent\" data-id=\"670bc2c\" data-element_type=\"container\" data-e-type=\"container\">\n\t\t\t\t\t<div class=\"e-con-inner\">\n\t\t<div class=\"elementor-element elementor-element-515a43e e-con-full e-flex e-con e-child\" data-id=\"515a43e\" data-element_type=\"container\" data-e-type=\"container\" data-settings=\"{&quot;background_background&quot;:&quot;slideshow&quot;,&quot;background_slideshow_gallery&quot;:[{&quot;id&quot;:9855,&quot;url&quot;:&quot;http:\\\/\\\/www.womenonb.com\\\/wp-content\\\/uploads\\\/2025\\\/08\\\/WOB_BW_01.jpg&quot;}],&quot;background_slideshow_loop&quot;:&quot;yes&quot;,&quot;background_slideshow_slide_duration&quot;:5000,&quot;background_slideshow_slide_transition&quot;:&quot;fade&quot;,&quot;background_slideshow_transition_duration&quot;:500}\">\n\t\t\t\t<\/div>\n\t\t<div class=\"elementor-element elementor-element-eb4b49b e-con-full e-flex e-con e-child\" data-id=\"eb4b49b\" data-element_type=\"container\" data-e-type=\"container\" data-settings=\"{&quot;background_background&quot;:&quot;slideshow&quot;,&quot;background_slideshow_gallery&quot;:[{&quot;id&quot;:9849,&quot;url&quot;:&quot;http:\\\/\\\/www.womenonb.com\\\/wp-content\\\/uploads\\\/2025\\\/08\\\/BW_WOB_02.jpg&quot;}],&quot;background_slideshow_loop&quot;:&quot;yes&quot;,&quot;background_slideshow_slide_duration&quot;:5000,&quot;background_slideshow_slide_transition&quot;:&quot;fade&quot;,&quot;background_slideshow_transition_duration&quot;:500}\">\n\t\t\t\t<\/div>\n\t\t<div class=\"elementor-element elementor-element-226d593 e-con-full e-flex e-con e-child\" data-id=\"226d593\" data-element_type=\"container\" data-e-type=\"container\" data-settings=\"{&quot;background_background&quot;:&quot;slideshow&quot;,&quot;background_slideshow_gallery&quot;:[{&quot;id&quot;:9850,&quot;url&quot;:&quot;http:\\\/\\\/www.womenonb.com\\\/wp-content\\\/uploads\\\/2025\\\/08\\\/BW_WOB_03.jpg&quot;}],&quot;background_slideshow_loop&quot;:&quot;yes&quot;,&quot;background_slideshow_slide_duration&quot;:5000,&quot;background_slideshow_slide_transition&quot;:&quot;fade&quot;,&quot;background_slideshow_transition_duration&quot;:500}\">\n\t\t\t\t<\/div>\n\t\t\t\t\t<\/div>\n\t\t\t\t<\/div>\n\t\t<div class=\"elementor-element elementor-element-263c5ec e-flex e-con-boxed e-con e-parent\" data-id=\"263c5ec\" data-element_type=\"container\" data-e-type=\"container\" data-settings=\"{&quot;background_background&quot;:&quot;classic&quot;}\">\n\t\t\t\t\t<div class=\"e-con-inner\">\n\t\t<div class=\"elementor-element elementor-element-1c6b4c0 e-con-full e-flex e-con e-child\" data-id=\"1c6b4c0\" data-element_type=\"container\" data-e-type=\"container\">\n\t\t\t\t<div class=\"elementor-element elementor-element-c06aa63 elementor-widget elementor-widget-eael-adv-accordion\" data-id=\"c06aa63\" data-element_type=\"widget\" data-e-type=\"widget\" data-widget_type=\"eael-adv-accordion.default\">\n\t\t\t\t<div class=\"elementor-widget-container\">\n\t\t\t\t\t        <div class=\"eael-adv-accordion\" id=\"eael-adv-accordion-c06aa63\" data-scroll-on-click=\"no\" data-scroll-speed=\"300\" data-accordion-id=\"c06aa63\" data-accordion-type=\"accordion\" data-toogle-speed=\"300\">\n    <div class=\"eael-accordion-list\">\n                <div id=\"intercambio-autntico-de-ideas\" class=\"elementor-tab-title eael-accordion-header\" tabindex=\"0\" data-tab=\"1\" aria-controls=\"elementor-tab-content-2011\"><span class=\"eael-advanced-accordion-icon-closed\"><i aria-hidden=\"true\" class=\"fa-accordion-icon fas fa-plus\"><\/i><\/span><span class=\"eael-advanced-accordion-icon-opened\"><i aria-hidden=\"true\" class=\"fa-accordion-icon fas fa-minus\"><\/i><\/span><span class=\"eael-accordion-tab-title\">Authentic exchange of ideas<\/span><i aria-hidden=\"true\" class=\"fa-toggle fas fa-angle-right\"><\/i><\/div><div id=\"elementor-tab-content-2011\" class=\"eael-accordion-content clearfix\" data-tab=\"1\" aria-labelledby=\"intercambio-autntico-de-ideas\"><p>Through Circles of Trust: exclusive groups, real conversations, where different experiences, perspectives, and viewpoints are shared.<\/p><\/div>\n                <\/div><div class=\"eael-accordion-list\">\n                <div id=\"aprendizaje-vivo-y-prctico\" class=\"elementor-tab-title eael-accordion-header\" tabindex=\"0\" data-tab=\"2\" aria-controls=\"elementor-tab-content-2012\"><span class=\"eael-advanced-accordion-icon-closed\"><i aria-hidden=\"true\" class=\"fa-accordion-icon fas fa-plus\"><\/i><\/span><span class=\"eael-advanced-accordion-icon-opened\"><i aria-hidden=\"true\" class=\"fa-accordion-icon fas fa-minus\"><\/i><\/span><span class=\"eael-accordion-tab-title\">Live and practical learning<\/span><i aria-hidden=\"true\" class=\"fa-toggle fas fa-angle-right\"><\/i><\/div><div id=\"elementor-tab-content-2012\" class=\"eael-accordion-content clearfix\" data-tab=\"2\" aria-labelledby=\"aprendizaje-vivo-y-prctico\"><p>Real cases, strategic dynamics, shared vision among peers.<br \/>Structured feedback, risk anticipation, decisions with perspective.<\/p><\/div>\n                <\/div><div class=\"eael-accordion-list\">\n                <div id=\"confianza-entre-iguales\" class=\"elementor-tab-title eael-accordion-header\" tabindex=\"0\" data-tab=\"3\" aria-controls=\"elementor-tab-content-2013\"><span class=\"eael-advanced-accordion-icon-closed\"><i aria-hidden=\"true\" class=\"fa-accordion-icon fas fa-plus\"><\/i><\/span><span class=\"eael-advanced-accordion-icon-opened\"><i aria-hidden=\"true\" class=\"fa-accordion-icon fas fa-minus\"><\/i><\/span><span class=\"eael-accordion-tab-title\">Peer-to-peer trust<\/span><i aria-hidden=\"true\" class=\"fa-toggle fas fa-angle-right\"><\/i><\/div><div id=\"elementor-tab-content-2013\" class=\"eael-accordion-content clearfix\" data-tab=\"3\" aria-labelledby=\"confianza-entre-iguales\"><p>Without judgment. With experience. With confidentiality.<br \/>\"What we share is not told, but it does change us.\"<\/p><\/div>\n                <\/div><div class=\"eael-accordion-list\">\n                <div id=\"proyeccin-y-conexin-internacional\" class=\"elementor-tab-title eael-accordion-header\" tabindex=\"0\" data-tab=\"4\" aria-controls=\"elementor-tab-content-2014\"><span class=\"eael-advanced-accordion-icon-closed\"><i aria-hidden=\"true\" class=\"fa-accordion-icon fas fa-plus\"><\/i><\/span><span class=\"eael-advanced-accordion-icon-opened\"><i aria-hidden=\"true\" class=\"fa-accordion-icon fas fa-minus\"><\/i><\/span><span class=\"eael-accordion-tab-title\">International reach and connection<\/span><i aria-hidden=\"true\" class=\"fa-toggle fas fa-angle-right\"><\/i><\/div><div id=\"elementor-tab-content-2014\" class=\"eael-accordion-content clearfix\" data-tab=\"4\" aria-labelledby=\"proyeccin-y-conexin-internacional\"><p>Global forum, executive programs, experiential learning.<br \/>Alliances between leaders from different sectors and countries.<\/p><\/div>\n                <\/div><div class=\"eael-accordion-list\">\n                <div id=\"valor-estratgico-para-la-empresa\" class=\"elementor-tab-title eael-accordion-header\" tabindex=\"0\" data-tab=\"5\" aria-controls=\"elementor-tab-content-2015\"><span class=\"eael-advanced-accordion-icon-closed\"><i aria-hidden=\"true\" class=\"fa-accordion-icon fas fa-plus\"><\/i><\/span><span class=\"eael-advanced-accordion-icon-opened\"><i aria-hidden=\"true\" class=\"fa-accordion-icon fas fa-minus\"><\/i><\/span><span class=\"eael-accordion-tab-title\">Strategic value for the company<\/span><i aria-hidden=\"true\" class=\"fa-toggle fas fa-angle-right\"><\/i><\/div><div id=\"elementor-tab-content-2015\" class=\"eael-accordion-content clearfix\" data-tab=\"5\" aria-labelledby=\"valor-estratgico-para-la-empresa\"><p>It strengthens leadership and adds real value to the company.<br \/>It improves decision-making, drives innovation, and broadens strategic vision.<br \/>Validated ideas and practical solutions that anticipate and prevent mistakes, accelerating growth.<\/p><\/div>\n                <\/div><\/div>\t\t\t\t<\/div>\n\t\t\t\t<\/div>\n\t\t\t\t<\/div>\n\t\t\t\t\t<\/div>\n\t\t\t\t<\/div>\n\t\t<div class=\"elementor-element elementor-element-42877ab e-flex e-con-boxed e-con e-parent\" data-id=\"42877ab\" data-element_type=\"container\" data-e-type=\"container\" data-settings=\"{&quot;background_background&quot;:&quot;classic&quot;}\">\n\t\t\t\t\t<div class=\"e-con-inner\">\n\t\t\t\t<div class=\"elementor-element elementor-element-a13a586 elementor-widget elementor-widget-image\" data-id=\"a13a586\" data-element_type=\"widget\" data-e-type=\"widget\" data-widget_type=\"image.default\">\n\t\t\t\t<div class=\"elementor-widget-container\">\n\t\t\t\t\t\t\t\t\t\t\t\t\t\t\t<img fetchpriority=\"high\" decoding=\"async\" width=\"800\" height=\"800\" src=\"http:\/\/www.womenonb.com\/wp-content\/uploads\/2023\/05\/Logo-WOB.svg\" class=\"attachment-large size-large wp-image-3411\" alt=\"Logo de WOB\" \/>\t\t\t\t\t\t\t\t\t\t\t\t\t\t\t<\/div>\n\t\t\t\t<\/div>\n\t\t\t\t\t<\/div>\n\t\t\t\t<\/div>\n\t\t<div class=\"elementor-element elementor-element-b91a8b3 elementor-hidden-tablet elementor-hidden-mobile e-flex e-con-boxed e-con e-parent\" data-id=\"b91a8b3\" data-element_type=\"container\" data-e-type=\"container\" data-settings=\"{&quot;background_background&quot;:&quot;classic&quot;}\">\n\t\t\t\t\t<div class=\"e-con-inner\">\n\t\t\t\t<div class=\"elementor-element elementor-element-2418065 elementor-widget__width-initial elementor-widget elementor-widget-heading\" data-id=\"2418065\" data-element_type=\"widget\" data-e-type=\"widget\" data-widget_type=\"heading.default\">\n\t\t\t\t<div class=\"elementor-widget-container\">\n\t\t\t\t\t<h2 class=\"elementor-heading-title elementor-size-default\">Imagine having a network of experts to exchange ideas, gain guidance, and share experiences that enhance your personal and professional growth.<\/h2>\t\t\t\t<\/div>\n\t\t\t\t<\/div>\n\t\t\t\t\t<\/div>\n\t\t\t\t<\/div>\n\t\t<div class=\"elementor-element elementor-element-9dab9bd elementor-hidden-desktop elementor-hidden-laptop e-flex e-con-boxed e-con e-parent\" data-id=\"9dab9bd\" data-element_type=\"container\" data-e-type=\"container\" data-settings=\"{&quot;background_background&quot;:&quot;classic&quot;}\">\n\t\t\t\t\t<div class=\"e-con-inner\">\n\t\t\t\t<div class=\"elementor-element elementor-element-feb2a27 elementor-widget__width-initial elementor-widget elementor-widget-heading\" data-id=\"feb2a27\" data-element_type=\"widget\" data-e-type=\"widget\" data-widget_type=\"heading.default\">\n\t\t\t\t<div class=\"elementor-widget-container\">\n\t\t\t\t\t<h2 class=\"elementor-heading-title elementor-size-default\">Imagine having a network of experts to exchange ideas, gain guidance, and share experiences that enhance your personal and professional growth.<\/h2>\t\t\t\t<\/div>\n\t\t\t\t<\/div>\n\t\t\t\t\t<\/div>\n\t\t\t\t<\/div>\n\t\t<div class=\"elementor-element elementor-element-92d40ac e-flex e-con-boxed e-con e-parent\" data-id=\"92d40ac\" data-element_type=\"container\" data-e-type=\"container\" data-settings=\"{&quot;background_background&quot;:&quot;classic&quot;}\">\n\t\t\t\t\t<div class=\"e-con-inner\">\n\t\t\t\t<div class=\"elementor-element elementor-element-cf19b9e elementor-widget elementor-widget-image\" data-id=\"cf19b9e\" data-element_type=\"widget\" data-e-type=\"widget\" data-widget_type=\"image.default\">\n\t\t\t\t<div class=\"elementor-widget-container\">\n\t\t\t\t\t\t\t\t\t\t\t\t\t\t\t<img decoding=\"async\" width=\"683\" height=\"1024\" src=\"http:\/\/www.womenonb.com\/wp-content\/uploads\/2025\/08\/IMG_WOB_01-683x1024.jpg\" class=\"attachment-large size-large wp-image-9826\" alt=\"\" srcset=\"http:\/\/www.womenonb.com\/wp-content\/uploads\/2025\/08\/IMG_WOB_01-683x1024.jpg 683w, http:\/\/www.womenonb.com\/wp-content\/uploads\/2025\/08\/IMG_WOB_01-200x300.jpg 200w, http:\/\/www.womenonb.com\/wp-content\/uploads\/2025\/08\/IMG_WOB_01-768x1152.jpg 768w, http:\/\/www.womenonb.com\/wp-content\/uploads\/2025\/08\/IMG_WOB_01-1024x1536.jpg 1024w, http:\/\/www.womenonb.com\/wp-content\/uploads\/2025\/08\/IMG_WOB_01-1365x2048.jpg 1365w, http:\/\/www.womenonb.com\/wp-content\/uploads\/2025\/08\/IMG_WOB_01-8x12.jpg 8w, http:\/\/www.womenonb.com\/wp-content\/uploads\/2025\/08\/IMG_WOB_01-600x900.jpg 600w, http:\/\/www.womenonb.com\/wp-content\/uploads\/2025\/08\/IMG_WOB_01-scaled.jpg 1707w\" sizes=\"(max-width: 683px) 100vw, 683px\" \/>\t\t\t\t\t\t\t\t\t\t\t\t\t\t\t<\/div>\n\t\t\t\t<\/div>\n\t\t\t\t<div class=\"elementor-element elementor-element-66bd7fc elementor-widget elementor-widget-image\" data-id=\"66bd7fc\" data-element_type=\"widget\" data-e-type=\"widget\" data-widget_type=\"image.default\">\n\t\t\t\t<div class=\"elementor-widget-container\">\n\t\t\t\t\t\t\t\t\t\t\t\t\t\t\t<img decoding=\"async\" width=\"683\" height=\"1024\" src=\"http:\/\/www.womenonb.com\/wp-content\/uploads\/2025\/08\/IMG_WOB_02-683x1024.jpg\" class=\"attachment-large size-large wp-image-9828\" alt=\"\" srcset=\"http:\/\/www.womenonb.com\/wp-content\/uploads\/2025\/08\/IMG_WOB_02-683x1024.jpg 683w, http:\/\/www.womenonb.com\/wp-content\/uploads\/2025\/08\/IMG_WOB_02-200x300.jpg 200w, http:\/\/www.womenonb.com\/wp-content\/uploads\/2025\/08\/IMG_WOB_02-768x1152.jpg 768w, http:\/\/www.womenonb.com\/wp-content\/uploads\/2025\/08\/IMG_WOB_02-1024x1536.jpg 1024w, http:\/\/www.womenonb.com\/wp-content\/uploads\/2025\/08\/IMG_WOB_02-1365x2048.jpg 1365w, http:\/\/www.womenonb.com\/wp-content\/uploads\/2025\/08\/IMG_WOB_02-8x12.jpg 8w, http:\/\/www.womenonb.com\/wp-content\/uploads\/2025\/08\/IMG_WOB_02-600x900.jpg 600w, http:\/\/www.womenonb.com\/wp-content\/uploads\/2025\/08\/IMG_WOB_02-scaled.jpg 1707w\" sizes=\"(max-width: 683px) 100vw, 683px\" \/>\t\t\t\t\t\t\t\t\t\t\t\t\t\t\t<\/div>\n\t\t\t\t<\/div>\n\t\t\t\t<div class=\"elementor-element elementor-element-d83ff20 elementor-widget elementor-widget-image\" data-id=\"d83ff20\" data-element_type=\"widget\" data-e-type=\"widget\" data-widget_type=\"image.default\">\n\t\t\t\t<div class=\"elementor-widget-container\">\n\t\t\t\t\t\t\t\t\t\t\t\t\t\t\t<img loading=\"lazy\" decoding=\"async\" width=\"683\" height=\"1024\" src=\"http:\/\/www.womenonb.com\/wp-content\/uploads\/2025\/08\/IMG_WOB_03-683x1024.jpg\" class=\"attachment-large size-large wp-image-9833\" alt=\"\" srcset=\"http:\/\/www.womenonb.com\/wp-content\/uploads\/2025\/08\/IMG_WOB_03-683x1024.jpg 683w, http:\/\/www.womenonb.com\/wp-content\/uploads\/2025\/08\/IMG_WOB_03-200x300.jpg 200w, http:\/\/www.womenonb.com\/wp-content\/uploads\/2025\/08\/IMG_WOB_03-768x1152.jpg 768w, http:\/\/www.womenonb.com\/wp-content\/uploads\/2025\/08\/IMG_WOB_03-1024x1536.jpg 1024w, http:\/\/www.womenonb.com\/wp-content\/uploads\/2025\/08\/IMG_WOB_03-1365x2048.jpg 1365w, http:\/\/www.womenonb.com\/wp-content\/uploads\/2025\/08\/IMG_WOB_03-8x12.jpg 8w, http:\/\/www.womenonb.com\/wp-content\/uploads\/2025\/08\/IMG_WOB_03-600x900.jpg 600w, http:\/\/www.womenonb.com\/wp-content\/uploads\/2025\/08\/IMG_WOB_03-scaled.jpg 1707w\" sizes=\"(max-width: 683px) 100vw, 683px\" \/>\t\t\t\t\t\t\t\t\t\t\t\t\t\t\t<\/div>\n\t\t\t\t<\/div>\n\t\t\t\t\t<\/div>\n\t\t\t\t<\/div>\n\t\t<div class=\"elementor-element elementor-element-b531d11 elementor-hidden-tablet elementor-hidden-mobile e-flex e-con-boxed e-con e-parent\" data-id=\"b531d11\" data-element_type=\"container\" data-e-type=\"container\" data-settings=\"{&quot;background_background&quot;:&quot;classic&quot;}\">\n\t\t\t\t\t<div class=\"e-con-inner\">\n\t\t\t\t<div class=\"elementor-element elementor-element-0e42177 elementor-hidden-tablet elementor-hidden-mobile elementor--h-position-center elementor--v-position-middle elementor-arrows-position-inside elementor-widget elementor-widget-slides\" data-id=\"0e42177\" data-element_type=\"widget\" data-e-type=\"widget\" data-settings=\"{&quot;navigation&quot;:&quot;arrows&quot;,&quot;autoplay&quot;:&quot;yes&quot;,&quot;pause_on_hover&quot;:&quot;yes&quot;,&quot;pause_on_interaction&quot;:&quot;yes&quot;,&quot;autoplay_speed&quot;:5000,&quot;infinite&quot;:&quot;yes&quot;,&quot;transition&quot;:&quot;slide&quot;,&quot;transition_speed&quot;:500}\" data-widget_type=\"slides.default\">\n\t\t\t\t<div class=\"elementor-widget-container\">\n\t\t\t\t\t\t\t\t\t<div class=\"elementor-swiper\">\n\t\t\t\t\t<div class=\"elementor-slides-wrapper elementor-main-swiper swiper\" role=\"region\" aria-roledescription=\"carousel\" aria-label=\"Diapositivas\" dir=\"ltr\" data-animation=\"fadeInUp\">\n\t\t\t\t<div class=\"swiper-wrapper elementor-slides\">\n\t\t\t\t\t\t\t\t\t\t<div class=\"elementor-repeater-item-a5124bf swiper-slide\" role=\"group\" aria-roledescription=\"slide\"><div class=\"swiper-slide-bg\" role=\"img\"><\/div><div class=\"swiper-slide-inner\" ><div class=\"swiper-slide-contents\"><div class=\"elementor-slide-heading\">\"Being part of these groups of businesswomen has been a balm for me in times of uncertainty.\"<\/div><\/div><\/div><\/div><div class=\"elementor-repeater-item-18a6280 swiper-slide\" role=\"group\" aria-roledescription=\"slide\"><div class=\"swiper-slide-bg\" role=\"img\"><\/div><div class=\"swiper-slide-inner\" ><div class=\"swiper-slide-contents\"><div class=\"elementor-slide-heading\">\u201cIn a demanding and ever-changing environment, having a space of trust and continuous learning is not a luxury \u2014 it is a strategic necessity.\u201d<\/div><\/div><\/div><\/div><div class=\"elementor-repeater-item-96c0197 swiper-slide\" role=\"group\" aria-roledescription=\"slide\"><div class=\"swiper-slide-bg\" role=\"img\"><\/div><div class=\"swiper-slide-inner\" ><div class=\"swiper-slide-contents\"><div class=\"elementor-slide-heading\">\u201cIt\u2019s much more than networking. It\u2019s trust and shared action. That\u2019s WOB.\u201d<\/div><\/div><\/div><\/div>\t\t\t\t<\/div>\n\t\t\t\t\t\t\t\t\t\t\t\t\t\t\t<div class=\"elementor-swiper-button elementor-swiper-button-prev\" role=\"button\" tabindex=\"0\" aria-label=\"Diapositiva anterior\">\n\t\t\t\t\t\t\t<i aria-hidden=\"true\" class=\"eicon-chevron-left\"><\/i>\t\t\t\t\t\t<\/div>\n\t\t\t\t\t\t<div class=\"elementor-swiper-button elementor-swiper-button-next\" role=\"button\" tabindex=\"0\" aria-label=\"Diapositiva siguiente\">\n\t\t\t\t\t\t\t<i aria-hidden=\"true\" class=\"eicon-chevron-right\"><\/i>\t\t\t\t\t\t<\/div>\n\t\t\t\t\t\t\t\t\t\t\t\t\t\t\t\t\t<\/div>\n\t\t\t\t<\/div>\n\t\t\t\t\t\t\t\t<\/div>\n\t\t\t\t<\/div>\n\t\t\t\t\t<\/div>\n\t\t\t\t<\/div>\n\t\t<div class=\"elementor-element elementor-element-0c623c5 e-flex e-con-boxed e-con e-parent\" data-id=\"0c623c5\" data-element_type=\"container\" data-e-type=\"container\" data-settings=\"{&quot;background_background&quot;:&quot;classic&quot;}\">\n\t\t\t\t\t<div class=\"e-con-inner\">\n\t\t\t\t<div class=\"elementor-element elementor-element-a03b900 elementor-widget elementor-widget-heading\" data-id=\"a03b900\" data-element_type=\"widget\" data-e-type=\"widget\" data-widget_type=\"heading.default\">\n\t\t\t\t<div class=\"elementor-widget-container\">\n\t\t\t\t\t<h2 class=\"elementor-heading-title elementor-size-default\"><span style=\"color:black\">Join <\/span>WOB's<\/h2>\t\t\t\t<\/div>\n\t\t\t\t<\/div>\n\t\t\t\t<div class=\"elementor-element elementor-element-3056816 elementor-button-align-start elementor-widget elementor-widget-form\" data-id=\"3056816\" data-element_type=\"widget\" data-e-type=\"widget\" data-settings=\"{&quot;button_width&quot;:&quot;20&quot;,&quot;step_next_label&quot;:&quot;Next&quot;,&quot;step_previous_label&quot;:&quot;Previous&quot;,&quot;step_type&quot;:&quot;number_text&quot;,&quot;step_icon_shape&quot;:&quot;circle&quot;}\" data-widget_type=\"form.default\">\n\t\t\t\t<div class=\"elementor-widget-container\">\n\t\t\t\t\t\t\t<form class=\"elementor-form\" method=\"post\" name=\"New_Form_01\" aria-label=\"New_Form_01\" action=\"\">\n\t\t\t<input type=\"hidden\" name=\"post_id\" value=\"2915\"\/>\n\t\t\t<input type=\"hidden\" name=\"form_id\" value=\"3056816\"\/>\n\t\t\t<input type=\"hidden\" name=\"referer_title\" value=\"Resultados de la b\u00fasqueda    feed\" \/>\n\n\t\t\t\n\t\t\t<div class=\"elementor-form-fields-wrapper elementor-labels-above\">\n\t\t\t\t\t\t\t\t<div class=\"elementor-field-type-text elementor-field-group elementor-column elementor-field-group-name elementor-col-100 elementor-field-required\">\n\t\t\t\t\t\t\t\t\t\t\t\t\t<input size=\"1\" type=\"text\" name=\"form_fields[name]\" id=\"form-field-name\" class=\"elementor-field elementor-size-xs  elementor-field-textual\" placeholder=\"Full Name\" required=\"required\">\n\t\t\t\t\t\t\t\t\t\t\t<\/div>\n\t\t\t\t\t\t\t\t<div class=\"elementor-field-type-text elementor-field-group elementor-column elementor-field-group-field_e5862bb elementor-col-100 elementor-field-required\">\n\t\t\t\t\t\t\t\t\t\t\t\t\t<input size=\"1\" type=\"text\" name=\"form_fields[field_e5862bb]\" id=\"form-field-field_e5862bb\" class=\"elementor-field elementor-size-xs  elementor-field-textual\" placeholder=\"Company\" required=\"required\">\n\t\t\t\t\t\t\t\t\t\t\t<\/div>\n\t\t\t\t\t\t\t\t<div class=\"elementor-field-type-email elementor-field-group elementor-column elementor-field-group-email elementor-col-100 elementor-field-required\">\n\t\t\t\t\t\t\t\t\t\t\t\t\t<input size=\"1\" type=\"email\" name=\"form_fields[email]\" id=\"form-field-email\" class=\"elementor-field elementor-size-xs  elementor-field-textual\" placeholder=\"Email\" required=\"required\">\n\t\t\t\t\t\t\t\t\t\t\t<\/div>\n\t\t\t\t\t\t\t\t<div class=\"elementor-field-type-tel elementor-field-group elementor-column elementor-field-group-field_901c3bc elementor-col-100\">\n\t\t\t\t\t\t\t<input size=\"1\" type=\"tel\" name=\"form_fields[field_901c3bc]\" id=\"form-field-field_901c3bc\" class=\"elementor-field elementor-size-xs  elementor-field-textual\" placeholder=\"Phone\" pattern=\"[0-9()#&amp;+*-=.]+\" title=\"Solo se aceptan n\u00fameros y caracteres de tel\u00e9fono (#,-,*,etc).\">\n\n\t\t\t\t\t\t<\/div>\n\t\t\t\t\t\t\t\t<div class=\"elementor-field-type-select elementor-field-group elementor-column elementor-field-group-field_708d022 elementor-col-100 elementor-field-required\">\n\t\t\t\t\t\t\t<div class=\"elementor-field elementor-select-wrapper remove-before\">\n\t\t\t<div class=\"select-caret-down-wrapper\">\n\t\t\t\t<i aria-hidden=\"true\" class=\"eicon-caret-down\"><\/i>\t\t\t<\/div>\n\t\t\t<select name=\"form_fields[field_708d022]\" id=\"form-field-field_708d022\" class=\"elementor-field-textual elementor-size-xs\" required=\"required\">\n\t\t\t\t\t\t\t\t\t<option value=\"Como miembro  (Directivas, Empresarias, L\u00edderes)\">Como miembro  (Directivas, Empresarias, L\u00edderes)<\/option>\n\t\t\t\t\t\t\t\t\t<option value=\"Como aliado  (Empresas, Fundaciones, Instituciones)\">Como aliado  (Empresas, Fundaciones, Instituciones)<\/option>\n\t\t\t\t\t\t\t<\/select>\n\t\t<\/div>\n\t\t\t\t\t\t<\/div>\n\t\t\t\t\t\t\t\t<div class=\"elementor-field-type-acceptance elementor-field-group elementor-column elementor-field-group-field_520b02d elementor-col-100 elementor-field-required\">\n\t\t\t\t\t\t\t<div class=\"elementor-field-subgroup\">\n\t\t\t<span class=\"elementor-field-option\">\n\t\t\t\t<input type=\"checkbox\" name=\"form_fields[field_520b02d]\" id=\"form-field-field_520b02d\" class=\"elementor-field elementor-size-xs  elementor-acceptance-field\" required=\"required\">\n\t\t\t\t<label for=\"form-field-field_520b02d\">I have read and accept the privacy policy<\/label>\t\t\t<\/span>\n\t\t<\/div>\n\t\t\t\t\t\t<\/div>\n\t\t\t\t\t\t\t\t<div class=\"elementor-field-group elementor-column elementor-field-type-submit elementor-col-20 e-form__buttons\">\n\t\t\t\t\t<button class=\"elementor-button elementor-size-xs\" type=\"submit\">\n\t\t\t\t\t\t<span class=\"elementor-button-content-wrapper\">\n\t\t\t\t\t\t\t\t\t\t\t\t\t\t\t\t\t\t\t\t\t\t<span class=\"elementor-button-text\">Send<\/span>\n\t\t\t\t\t\t\t\t\t\t\t\t\t<\/span>\n\t\t\t\t\t<\/button>\n\t\t\t\t<\/div>\n\t\t\t<\/div>\n\t\t<input type=\"hidden\" name=\"trp-form-language\" value=\"en\"\/><\/form>\n\t\t\t\t\t\t<\/div>\n\t\t\t\t<\/div>\n\t\t\t\t\t<\/div>\n\t\t\t\t<\/div>\n\t\t\t\t<\/div>","protected":false},"excerpt":{"rendered":"<p>Ser parte de WOB Intercambio aut\u00e9ntico de ideas A trav\u00e9s de C\u00edrculos de Confianza: grupos exclusivos, conversaciones reales, donde se comparten diferentes experiencias, perspectivas y puntos de vista. Aprendizaje vivo y pr\u00e1ctico Casos reales, din\u00e1micas estrat\u00e9gicas, visi\u00f3n compartida entre pares.Feedback estructurado, anticipaci\u00f3n de riesgos, decisiones con perspectiva. Confianza entre iguales Sin juicio. Con experiencia. Con [&hellip;]<\/p>","protected":false},"author":1,"featured_media":0,"parent":0,"menu_order":0,"comment_status":"closed","ping_status":"closed","template":"","meta":{"inline_featured_image":false,"footnotes":""},"class_list":["post-2915","page","type-page","status-publish","hentry"],"_links":{"self":[{"href":"https:\/\/www.womenonb.com\/en\/wp-json\/wp\/v2\/pages\/2915"}],"collection":[{"href":"https:\/\/www.womenonb.com\/en\/wp-json\/wp\/v2\/pages"}],"about":[{"href":"https:\/\/www.womenonb.com\/en\/wp-json\/wp\/v2\/types\/page"}],"author":[{"embeddable":true,"href":"https:\/\/www.womenonb.com\/en\/wp-json\/wp\/v2\/users\/1"}],"replies":[{"embeddable":true,"href":"https:\/\/www.womenonb.com\/en\/wp-json\/wp\/v2\/comments?post=2915"}],"version-history":[{"count":1013,"href":"https:\/\/www.womenonb.com\/en\/wp-json\/wp\/v2\/pages\/2915\/revisions"}],"predecessor-version":[{"id":10029,"href":"https:\/\/www.womenonb.com\/en\/wp-json\/wp\/v2\/pages\/2915\/revisions\/10029"}],"wp:attachment":[{"href":"https:\/\/www.womenonb.com\/en\/wp-json\/wp\/v2\/media?parent=2915"}],"curies":[{"name":"wp","href":"https:\/\/api.w.org\/{rel}","templated":true}]}}